{"id":22,"date":"2023-10-08T15:01:44","date_gmt":"2023-10-08T12:01:44","guid":{"rendered":"https:\/\/ogutmeninsaat.com\/index.php\/plugin-supports\/"},"modified":"2023-10-27T00:12:13","modified_gmt":"2023-10-26T21:12:13","slug":"plugin-supports","status":"publish","type":"page","link":"https:\/\/ogutmeninsaat.com\/index.php\/plugin-supports\/","title":{"rendered":"Beton ve Prefabrik Yap\u0131lar"},"content":{"rendered":"<p>Her ilde profesyonel mimar ve m\u00fchendislerimizle projeler hayata ge\u00e7iriyoruz<\/p>\n","protected":false},"excerpt":{"rendered":"<p>Her ilde profesyonel mimar ve m\u00fchendislerimizle projeler hayata ge\u00e7iriyoruz<\/p>\n","protected":false},"author":1,"featured_media":142,"parent":0,"menu_order":0,"comment_status":"closed","ping_status":"closed","template":"","meta":{"om_disable_all_campaigns":false,"_monsterinsights_skip_tracking":false,"_monsterinsights_sitenote_active":false,"_monsterinsights_sitenote_note":"","_monsterinsights_sitenote_category":0,"footnotes":""},"aioseo_notices":[],"_links":{"self":[{"href":"https:\/\/ogutmeninsaat.com\/index.php\/wp-json\/wp\/v2\/pages\/22"}],"collection":[{"href":"https:\/\/ogutmeninsaat.com\/index.php\/wp-json\/wp\/v2\/pages"}],"about":[{"href":"https:\/\/ogutmeninsaat.com\/index.php\/wp-json\/wp\/v2\/types\/page"}],"author":[{"embeddable":true,"href":"https:\/\/ogutmeninsaat.com\/index.php\/wp-json\/wp\/v2\/users\/1"}],"replies":[{"embeddable":true,"href":"https:\/\/ogutmeninsaat.com\/index.php\/wp-json\/wp\/v2\/comments?post=22"}],"version-history":[{"count":1,"href":"https:\/\/ogutmeninsaat.com\/index.php\/wp-json\/wp\/v2\/pages\/22\/revisions"}],"predecessor-version":[{"id":144,"href":"https:\/\/ogutmeninsaat.com\/index.php\/wp-json\/wp\/v2\/pages\/22\/revisions\/144"}],"wp:featuredmedia":[{"embeddable":true,"href":"https:\/\/ogutmeninsaat.com\/index.php\/wp-json\/wp\/v2\/media\/142"}],"wp:attachment":[{"href":"https:\/\/ogutmeninsaat.com\/index.php\/wp-json\/wp\/v2\/media?parent=22"}],"curies":[{"name":"wp","href":"https:\/\/api.w.org\/{rel}","templated":true}]}}