{"id":21,"date":"2023-10-08T15:01:44","date_gmt":"2023-10-08T12:01:44","guid":{"rendered":"https:\/\/ogutmeninsaat.com\/index.php\/ethics-features\/"},"modified":"2023-10-27T00:09:34","modified_gmt":"2023-10-26T21:09:34","slug":"ethics-features","status":"publish","type":"page","link":"https:\/\/ogutmeninsaat.com\/index.php\/ethics-features\/","title":{"rendered":"Tadilat Bak\u0131m Onar\u0131m"},"content":{"rendered":"<p>T\u00fcrkiye&#8217;nin her b\u00f6lgesinde yenileme \u00e7al\u0131\u015fmalar\u0131<\/p>\n","protected":false},"excerpt":{"rendered":"<p>T\u00fcrkiye&#8217;nin her b\u00f6lgesinde yenileme \u00e7al\u0131\u015fmalar\u0131<\/p>\n","protected":false},"author":1,"featured_media":140,"parent":0,"menu_order":0,"comment_status":"closed","ping_status":"closed","template":"","meta":{"om_disable_all_campaigns":false,"_monsterinsights_skip_tracking":false,"_monsterinsights_sitenote_active":false,"_monsterinsights_sitenote_note":"","_monsterinsights_sitenote_category":0,"footnotes":""},"aioseo_notices":[],"_links":{"self":[{"href":"https:\/\/ogutmeninsaat.com\/index.php\/wp-json\/wp\/v2\/pages\/21"}],"collection":[{"href":"https:\/\/ogutmeninsaat.com\/index.php\/wp-json\/wp\/v2\/pages"}],"about":[{"href":"https:\/\/ogutmeninsaat.com\/index.php\/wp-json\/wp\/v2\/types\/page"}],"author":[{"embeddable":true,"href":"https:\/\/ogutmeninsaat.com\/index.php\/wp-json\/wp\/v2\/users\/1"}],"replies":[{"embeddable":true,"href":"https:\/\/ogutmeninsaat.com\/index.php\/wp-json\/wp\/v2\/comments?post=21"}],"version-history":[{"count":1,"href":"https:\/\/ogutmeninsaat.com\/index.php\/wp-json\/wp\/v2\/pages\/21\/revisions"}],"predecessor-version":[{"id":141,"href":"https:\/\/ogutmeninsaat.com\/index.php\/wp-json\/wp\/v2\/pages\/21\/revisions\/141"}],"wp:featuredmedia":[{"embeddable":true,"href":"https:\/\/ogutmeninsaat.com\/index.php\/wp-json\/wp\/v2\/media\/140"}],"wp:attachment":[{"href":"https:\/\/ogutmeninsaat.com\/index.php\/wp-json\/wp\/v2\/media?parent=21"}],"curies":[{"name":"wp","href":"https:\/\/api.w.org\/{rel}","templated":true}]}}