{"id":18,"date":"2023-10-08T15:01:44","date_gmt":"2023-10-08T12:01:44","guid":{"rendered":"https:\/\/ogutmeninsaat.com\/index.php\/woocommerce-ready\/"},"modified":"2023-11-17T00:35:23","modified_gmt":"2023-11-16T21:35:23","slug":"woocommerce-ready","status":"publish","type":"page","link":"https:\/\/ogutmeninsaat.com\/index.php\/woocommerce-ready\/","title":{"rendered":"Fiyat Garantisi"},"content":{"rendered":"<p>Projenizin en iyi maliyetle hayata ge\u00e7mesini sa\u011fl\u0131yoruz.<\/p>\n","protected":false},"excerpt":{"rendered":"<p>Projenizin en iyi maliyetle hayata ge\u00e7mesini sa\u011fl\u0131yoruz.<\/p>\n","protected":false},"author":1,"featured_media":284,"parent":0,"menu_order":0,"comment_status":"closed","ping_status":"closed","template":"","meta":{"om_disable_all_campaigns":false,"_monsterinsights_skip_tracking":false,"_monsterinsights_sitenote_active":false,"_monsterinsights_sitenote_note":"","_monsterinsights_sitenote_category":0,"footnotes":""},"aioseo_notices":[],"_links":{"self":[{"href":"https:\/\/ogutmeninsaat.com\/index.php\/wp-json\/wp\/v2\/pages\/18"}],"collection":[{"href":"https:\/\/ogutmeninsaat.com\/index.php\/wp-json\/wp\/v2\/pages"}],"about":[{"href":"https:\/\/ogutmeninsaat.com\/index.php\/wp-json\/wp\/v2\/types\/page"}],"author":[{"embeddable":true,"href":"https:\/\/ogutmeninsaat.com\/index.php\/wp-json\/wp\/v2\/users\/1"}],"replies":[{"embeddable":true,"href":"https:\/\/ogutmeninsaat.com\/index.php\/wp-json\/wp\/v2\/comments?post=18"}],"version-history":[{"count":2,"href":"https:\/\/ogutmeninsaat.com\/index.php\/wp-json\/wp\/v2\/pages\/18\/revisions"}],"predecessor-version":[{"id":131,"href":"https:\/\/ogutmeninsaat.com\/index.php\/wp-json\/wp\/v2\/pages\/18\/revisions\/131"}],"wp:featuredmedia":[{"embeddable":true,"href":"https:\/\/ogutmeninsaat.com\/index.php\/wp-json\/wp\/v2\/media\/284"}],"wp:attachment":[{"href":"https:\/\/ogutmeninsaat.com\/index.php\/wp-json\/wp\/v2\/media?parent=18"}],"curies":[{"name":"wp","href":"https:\/\/api.w.org\/{rel}","templated":true}]}}