{"id":16,"date":"2023-10-08T15:01:44","date_gmt":"2023-10-08T12:01:44","guid":{"rendered":"https:\/\/ogutmeninsaat.com\/index.php\/aviraproficientheropressmagzeefabify\/"},"modified":"2023-11-21T00:24:46","modified_gmt":"2023-11-20T21:24:46","slug":"aviraproficientheropressmagzeefabify","status":"publish","type":"page","link":"https:\/\/ogutmeninsaat.com\/index.php\/aviraproficientheropressmagzeefabify\/","title":{"rendered":"\u00c7elik Konstr\u00fcksiyon"},"content":{"rendered":"<p>Kilis,Hatay,Antep,Adana ve Mersin \u0130llerinde \u00c7elik Konstr\u00fcksiyon Projeleri<\/p>\n","protected":false},"excerpt":{"rendered":"<p>Kilis,Hatay,Antep,Adana ve Mersin \u0130llerinde \u00c7elik Konstr\u00fcksiyon Projeleri<\/p>\n","protected":false},"author":1,"featured_media":137,"parent":0,"menu_order":0,"comment_status":"closed","ping_status":"closed","template":"","meta":{"om_disable_all_campaigns":false,"_monsterinsights_skip_tracking":false,"_monsterinsights_sitenote_active":false,"_monsterinsights_sitenote_note":"","_monsterinsights_sitenote_category":0,"footnotes":""},"aioseo_notices":[],"_links":{"self":[{"href":"https:\/\/ogutmeninsaat.com\/index.php\/wp-json\/wp\/v2\/pages\/16"}],"collection":[{"href":"https:\/\/ogutmeninsaat.com\/index.php\/wp-json\/wp\/v2\/pages"}],"about":[{"href":"https:\/\/ogutmeninsaat.com\/index.php\/wp-json\/wp\/v2\/types\/page"}],"author":[{"embeddable":true,"href":"https:\/\/ogutmeninsaat.com\/index.php\/wp-json\/wp\/v2\/users\/1"}],"replies":[{"embeddable":true,"href":"https:\/\/ogutmeninsaat.com\/index.php\/wp-json\/wp\/v2\/comments?post=16"}],"version-history":[{"count":2,"href":"https:\/\/ogutmeninsaat.com\/index.php\/wp-json\/wp\/v2\/pages\/16\/revisions"}],"predecessor-version":[{"id":351,"href":"https:\/\/ogutmeninsaat.com\/index.php\/wp-json\/wp\/v2\/pages\/16\/revisions\/351"}],"wp:featuredmedia":[{"embeddable":true,"href":"https:\/\/ogutmeninsaat.com\/index.php\/wp-json\/wp\/v2\/media\/137"}],"wp:attachment":[{"href":"https:\/\/ogutmeninsaat.com\/index.php\/wp-json\/wp\/v2\/media?parent=16"}],"curies":[{"name":"wp","href":"https:\/\/api.w.org\/{rel}","templated":true}]}}